{"id":463,"date":"2020-05-14T13:06:25","date_gmt":"2020-05-14T13:06:25","guid":{"rendered":"http:\/\/localhost\/tripzia\/?page_id=463"},"modified":"2021-05-07T14:05:26","modified_gmt":"2021-05-07T14:05:26","slug":"about-us","status":"publish","type":"page","link":"https:\/\/www.eurekapearson.com\/?page_id=463","title":{"rendered":"A propos de nous"},"content":{"rendered":"<p>[vc_row cmt_bgimagefixed=\u00a0\u00bb\u00a0\u00bb break_in_responsive=\u00a0\u00bb991&Prime; full_width=\u00a0\u00bbstretch_row_content\u00a0\u00bb css=\u00a0\u00bb.vc_custom_1620043001960{padding-top: 90px !important;padding-bottom: 55px !important;}\u00a0\u00bb cmt_responsive_css=\u00a0\u00bb32628097|colbreak_no|||||||||colbreak_no|||||50px||20px||colbreak_no|||||||0px|||colbreak_no|||||||||\u00a0\u00bb][vc_column width=\u00a0\u00bb1\/2&Prime; css=\u00a0\u00bb.vc_custom_1619088923272{margin-left: -15px !important;}\u00a0\u00bb][vc_single_image image=\u00a0\u00bb3012&Prime; img_size=\u00a0\u00bbfull\u00a0\u00bb alignment=\u00a0\u00bbcenter\u00a0\u00bb][\/vc_column][vc_column reduce_extra_padding=\u00a0\u00bb991&Prime; width=\u00a0\u00bb1\/2&Prime; css=\u00a0\u00bb.vc_custom_1619089020921{margin-left: 5% !important;padding-top: 2px !important;padding-right: 60px !important;padding-left: 5px !important;}\u00a0\u00bb][vc_empty_space]<div class=\"cmt-element-heading-wrapper cmt-sboxheading-inner cmt-sboxelement-align-left cmt-seperator-none cmt-sboxheading-style-vertical \"><section class=\"cmt-sboxvc_cta3-container\"><div class=\"cmt-vc_general cmt-sboxvc_cta3 cmt-sboxcta3-only cmt-sboxvc_cta3-style-classic cmt-sboxvc_cta3-shape-rounded cmt-sboxvc_cta3-align-left cmt-sboxvc_cta3-color-transparent cmt-sboxvc_cta3-icon-size-md cmt-sboxvc_cta3-actions-no cmt-sboxcta3-with-desc\"><div class=\"cmt-vc_cta3_content-container\"><div class=\"cmt-vc_cta3-content\"><header class=\"cmt-vc_cta3-content-header cmt-section-wrapper\"><div class=\"cmt-sboxvc_cta3-headers cmt-section-wrapper-cell\"><h2 class=\"cmt-custom-heading \" >Eureka Pearson <strong>Consulting<\/strong><\/h2>\n<\/div><div class=\"heading-seperator\"><span><\/span><\/div><\/header><div class=\"cmt-sboxcta3-content-wrapper\"><p>Eureka Pearson est un bureau de conseil et d\u2019orientation universitaire pour les \u00e9tudes a l\u2019\u00e9tranger. On est actuellement repr\u00e9sentant de plus de 800 instituts dans le monde entier.<\/p>\n<p>On met \u00e0 votre disposition une \u00e9quipes d\u2019experts qui vous faciliteront non seulement votre acc\u00e8s \u00e0 des \u00e9tudes d\u2019excellence mais aussi votre int\u00e9gration a l\u2019\u00e9tranger<\/p><\/div><\/div><\/div><\/div><\/section><\/div> <!-- .cmt-element-heading-wrapper container --> [vc_column_text]<\/p>\n<h3 style=\"text-align: left;\">\u201c <span style=\"color: #30ae4d;\"><em>Votre alli\u00e9 pour vos \u00e9tudes et carri\u00e8re \u00e0 l\u2019\u00e9tranger<\/em> <\/span>\u201d<\/h3>\n<p>[\/vc_column_text][\/vc_column][\/vc_row][vc_row cmt_bgcolor=\u00a0\u00bbdarkgrey\u00a0\u00bb cmt_bgimagefixed=\u00a0\u00bb\u00a0\u00bb break_in_responsive=\u00a0\u00bb991&Prime; full_width=\u00a0\u00bbstretch_row\u00a0\u00bb equal_height=\u00a0\u00bbyes\u00a0\u00bb css=\u00a0\u00bb.vc_custom_1592820865774{padding-top: 0px !important;padding-bottom: 0px !important;}\u00a0\u00bb][vc_column reduce_extra_padding=\u00a0\u00bb991&Prime; width=\u00a0\u00bb1\/2&Prime; css=\u00a0\u00bb.vc_custom_1592823077472{padding-top: 83px !important;padding-right: 37px !important;padding-bottom: 50px !important;}\u00a0\u00bb cmt_responsive_css=\u00a0\u00bb67058647|colbreak_no|||||||||colbreak_no|||||45px||||colbreak_no||||||||||colbreak_no|||||||||\u00a0\u00bb]<div class=\"cmt-element-heading-wrapper cmt-sboxheading-inner cmt-sboxelement-align-left cmt-seperator-none cmt-sboxheading-style-vertical \"><section class=\"cmt-sboxvc_cta3-container\"><div class=\"cmt-vc_general cmt-sboxvc_cta3 cmt-sboxcta3-only cmt-sboxvc_cta3-style-classic cmt-sboxvc_cta3-shape-rounded cmt-sboxvc_cta3-align-left cmt-sboxvc_cta3-color-transparent cmt-sboxvc_cta3-icon-size-md cmt-sboxvc_cta3-actions-no cmt-sboxcta3-with-desc\"><div class=\"cmt-vc_cta3_content-container\"><div class=\"cmt-vc_cta3-content\"><header class=\"cmt-vc_cta3-content-header cmt-section-wrapper\"><div class=\"cmt-sboxvc_cta3-headers cmt-section-wrapper-cell\"><h2 class=\"cmt-custom-heading \" >Services d'orientation et d'accompagnement <strong>par des Experts du M\u00e9tier.<\/strong><\/h2>\n<\/div><div class=\"heading-seperator\"><span><\/span><\/div><\/header><div class=\"cmt-sboxcta3-content-wrapper\"><p>Notre \u00e9quipe vous assure une orientation et assistance de qualit\u00e9 pour avoir acc\u00e8s \u00e0 des \u00e9tudes d&rsquo;excellence\u00a0 et vous faciliter une int\u00e9gration et r\u00e9ussite professionnelle \u00e0 l&rsquo;\u00e9tranger.<\/p><\/div><\/div><\/div><\/div><\/section><\/div> <!-- .cmt-element-heading-wrapper container --> \r\n\t\t<div class=\"cmt-vc_btn3-container cmt-vc_btn3-left\"><a class=\"cmt-vc_general cmt-vc_btn3 cmt-vc_btn3-size-md cmt-vc_btn3-shape-round cmt-vc_btn3-style-modern cmt-vc_btn3-weight-no cmt-vc_btn3-color-skincolor\" href=\"https:\/\/www.eurekapearson.com\/reserver-une-consultation\/\" title=\"R\u00e9server une consultation\">R\u00e9servez votre Consultation<\/a><\/div>[\/vc_column][vc_column cmt_col_bg_expand=\u00a0\u00bbright\u00a0\u00bb width=\u00a0\u00bb1\/2&Prime; css=\u00a0\u00bb.vc_custom_1593082240736{background-image: url(https:\/\/hamzahachimi06.wpcomstaging.com\/wp-content\/uploads\/2020\/06\/services-one.jpg?id=2249) !important;background-position: center !important;background-repeat: no-repeat !important;background-size: cover !important;}\u00a0\u00bb][vc_row_inner][vc_column_inner cmt_bgcolor=\u00a0\u00bbskincolor\u00a0\u00bb reduce_extra_padding=\u00a0\u00bb991&Prime; width=\u00a0\u00bb7\/12&Prime; css=\u00a0\u00bb.vc_custom_1592823016371{padding-top: 79px !important;padding-right: 30px !important;padding-bottom: 58px !important;padding-left: 30px !important;}\u00a0\u00bb cmt_responsive_css=\u00a0\u00bb73793569|colbreak_no|||||||||colbreak_no|||||45px||25px||colbreak_no||||||||||colbreak_no|||||||||\u00a0\u00bb]<div class=\"cmt-element-heading-wrapper cmt-sboxheading-inner cmt-sboxelement-align-left cmt-seperator-none cmt-sboxheading-style-vertical \"><section class=\"cmt-sboxvc_cta3-container\"><div class=\"cmt-vc_general cmt-sboxvc_cta3 cmt-sboxcta3-only cmt-sboxvc_cta3-style-classic cmt-sboxvc_cta3-shape-rounded cmt-sboxvc_cta3-align-left cmt-sboxvc_cta3-color-transparent cmt-sboxvc_cta3-icon-size-md cmt-sboxvc_cta3-actions-no cmt-sboxcta3-without-desc\"><div class=\"cmt-vc_cta3_content-container\"><div class=\"cmt-vc_cta3-content\"><header class=\"cmt-vc_cta3-content-header cmt-section-wrapper\"><div class=\"cmt-sboxvc_cta3-headers cmt-section-wrapper-cell\"><h2 style=\"font-size:42px;line-height:54px;\" class=\"cmt-custom-heading cmt-reset-h2-font-responsive \" >CONSULTATION GRATUITE AVEC UN EXPERT<\/h2>\n<\/div><div class=\"heading-seperator\"><span><\/span><\/div><\/header><\/div><\/div><\/div><\/section><\/div> <!-- .cmt-element-heading-wrapper container --> \r\n\t\t<div class=\"cmt-vc_btn3-container  cmt-custmbtn-reset-padding cmt-vc_btn3-left vc_custom_1619171882905\"><a class=\"cmt-vc_general cmt-vc_btn3 cmt-vc_btn3-size-md cmt-vc_btn3-shape-round cmt-vc_btn3-style-text cmt-vc_btn3-weight-no cmt-vc_btn3-icon-left cmt-vc_btn3-color-white\" href=\"https:\/\/www.eurekapearson.com\/contact-us\/\" title=\"Contact\"><i class=\"cmt-vc_btn3-icon themifyicon ti-minus\"><\/i> Contactez-nous!<\/a><\/div>[\/vc_column_inner][vc_column_inner width=\u00a0\u00bb5\/12&Prime;][\/vc_column_inner][\/vc_row_inner][\/vc_column][\/vc_row][vc_row cmt_bgimagefixed=\u00a0\u00bb\u00a0\u00bb equal_height=\u00a0\u00bbyes\u00a0\u00bb css=\u00a0\u00bb.vc_custom_1619186231048{padding-bottom: 5px !important;}\u00a0\u00bb][vc_column width=\u00a0\u00bb1\/2&Prime;][vc_single_image image=\u00a0\u00bb3079&Prime; img_size=\u00a0\u00bb555&#215;419&Prime; css_animation=\u00a0\u00bbleft-to-right\u00a0\u00bb][\/vc_column][vc_column width=\u00a0\u00bb1\/2&Prime;]<div class=\"cmt-sbox cmt-sbox-iconalign-left-spacing cmt-sbox-bgcolor-transparent cmt-bgcolor-transparent cmt-sbox-textcolor- cmt-textcolor- cmt-sbox-isize-lg cmt-sbox-isize-lg cmt-sbox-istyle-none vc_custom_1620043244342 cmt-sbox-heading-only cmt-iconbox\"><section class=\"cmt-sboxvc_cta3-container\"><div class=\"cmt-vc_general cmt-sboxvc_cta3 cmt-sboxvc_cta3-align-left cmt-sboxvc_cta3-icon-size-lg cmt-sboxvc_cta3-icons-left cmt-sboxvc_cta3-actions-no\"><div class=\"cmt-sboxvc_cta3-icons cmt-section-wrapper-cell\"><div class=\"cmt-vc_icon_element cmt-vc_icon_element-outer cmt-vc_icon_element-align-left \"><div class=\"cmt-vc_icon_element-inner  cmt-vc_icon_element-color-skincolor cmt-vc_icon_element-size-lg cmt-vc_icon_element-style-none cmt-vc_icon_element-background-color-grey\" ><span class=\"cmt-vc_icon_element-icon fa fa-eye\" ><\/span><\/div><\/div><\/div><div class=\"cmt-vc_cta3_content-container\"><div class=\"cmt-vc_cta3-content\"><div class=\"cmt-vc_cta3-content-header cmt-section-wrapper\"><div class=\"cmt-sboxvc_cta3-headers cmt-section-wrapper-cell\"><h2 class=\"cmt-custom-heading \" >Vision<\/h2>\n<\/div><\/div><\/div><div class=\"cmt-sboxcta3-desc-btn-wrapper\"><div class=\"cmt-sboxcta3-description\"><\/div><\/div><\/div><\/div><\/section><\/div>[vc_separator style=\u00a0\u00bbdashed\u00a0\u00bb css=\u00a0\u00bb.vc_custom_1618930132826{margin-bottom: 15px !important;padding-right: 20px !important;padding-left: 20px !important;}\u00a0\u00bb]<ul class=\"cmt-list cmt-list-style-icon cmt-list-icon-color-skincolor cmt-sbox cmt-sboxicon-skincolor cmt-list-textsize- cmt-list-icon-library-fontawesome vc_custom_1620043320950\"><li><i class=\"cmt-skincolor fa fa-chevron-right\"><\/i>  <span class=\"cmt-list-li-content\">Offrir un service de qualit\u00e9 facilitant non seulement l\u2019admission \u00e0 l&#39;universit\u00e9\nmais aussi votre int\u00e9gration a l\u2019\u00e9tranger\u00a0<\/span><\/li><li><i class=\"cmt-skincolor fa fa-chevron-right\"><\/i>  <span class=\"cmt-list-li-content\">Contribuer a la r\u00e9ussite acad\u00e9mique et professionnel de nos \u00e9tudiant<\/span><\/li><li><i class=\"cmt-skincolor fa fa-chevron-right\"><\/i>  <span class=\"cmt-list-li-content\">Consolider nos relations avec nos partenaires<\/span><\/li><\/ul>[\/vc_column][\/vc_row][vc_row cmt_bgimagefixed=\u00a0\u00bb\u00a0\u00bb equal_height=\u00a0\u00bbyes\u00a0\u00bb css=\u00a0\u00bb.vc_custom_1619186261453{padding-top: 5px !important;padding-bottom: 5px !important;}\u00a0\u00bb][vc_column width=\u00a0\u00bb1\/2&Prime;]<div class=\"cmt-sbox cmt-sbox-iconalign-left-spacing cmt-sbox-bgcolor-transparent cmt-bgcolor-transparent cmt-sbox-textcolor- cmt-textcolor- cmt-sbox-isize-md cmt-sbox-isize-md cmt-sbox-istyle-none vc_custom_1619106050431 cmt-sbox-heading-only\"><section class=\"cmt-sboxvc_cta3-container\"><div class=\"cmt-vc_general cmt-sboxvc_cta3 cmt-sboxvc_cta3-align-left cmt-sboxvc_cta3-icon-size-md cmt-sboxvc_cta3-icons-left cmt-sboxvc_cta3-actions-no\"><div class=\"cmt-sboxvc_cta3-icons cmt-section-wrapper-cell\"><div class=\"cmt-vc_icon_element cmt-vc_icon_element-outer cmt-vc_icon_element-align-left \"><div class=\"cmt-vc_icon_element-inner  cmt-vc_icon_element-color-skincolor cmt-vc_icon_element-size-md cmt-vc_icon_element-style-none cmt-vc_icon_element-background-color-grey\" ><span class=\"cmt-vc_icon_element-icon themifyicon ti-direction\" ><\/span><\/div><\/div><\/div><div class=\"cmt-vc_cta3_content-container\"><div class=\"cmt-vc_cta3-content\"><div class=\"cmt-vc_cta3-content-header cmt-section-wrapper\"><div class=\"cmt-sboxvc_cta3-headers cmt-section-wrapper-cell\"><h2 class=\"cmt-custom-heading \" >Objectifs<\/h2>\n<\/div><\/div><\/div><div class=\"cmt-sboxcta3-desc-btn-wrapper\"><div class=\"cmt-sboxcta3-description\"><\/div><\/div><\/div><\/div><\/section><\/div>[vc_separator style=\u00a0\u00bbdashed\u00a0\u00bb css=\u00a0\u00bb.vc_custom_1618930132826{margin-bottom: 15px !important;padding-right: 20px !important;padding-left: 20px !important;}\u00a0\u00bb]<ul class=\"cmt-list cmt-list-style-icon cmt-list-icon-color-skincolor cmt-sbox cmt-sboxicon-skincolor cmt-list-textsize- cmt-list-icon-library-fontawesome vc_custom_1620043406772\"><li><i class=\"cmt-skincolor fa fa-chevron-right\"><\/i>  <span class=\"cmt-list-li-content\">Faciliter l'acc\u00e8s aux universit\u00e9s les plus prestigieuses.<\/span><\/li><li><i class=\"cmt-skincolor fa fa-chevron-right\"><\/i>  <span class=\"cmt-list-li-content\">Offrir un service de qualit\u00e9 et un acc\u00e8s facile \u00e0 des \u00e9tudes d\u2019excellence \u00e0 travers notre plateforme digital.\u00a0\n<\/span><\/li><li><i class=\"cmt-skincolor fa fa-chevron-right\"><\/i>  <span class=\"cmt-list-li-content\">Offrir une solution digitale facilitant toutes les d\u00e9marches allant de l'orientation jusqu'\u00e0 l\u2019obtention du visa et autres services.<\/span><\/li><\/ul>[\/vc_column][vc_column width=\u00a0\u00bb1\/2&Prime;][vc_single_image image=\u00a0\u00bb3081&Prime; img_size=\u00a0\u00bb555&#215;419&Prime; css_animation=\u00a0\u00bbright-to-left\u00a0\u00bb][\/vc_column][\/vc_row][vc_row cmt_bgimagefixed=\u00a0\u00bb\u00a0\u00bb equal_height=\u00a0\u00bbyes\u00a0\u00bb css=\u00a0\u00bb.vc_custom_1619186273954{padding-top: 5px !important;padding-bottom: 5px !important;}\u00a0\u00bb][vc_column width=\u00a0\u00bb1\/2&Prime;][vc_single_image image=\u00a0\u00bb3082&Prime; img_size=\u00a0\u00bb555&#215;419&Prime; css_animation=\u00a0\u00bbleft-to-right\u00a0\u00bb][\/vc_column][vc_column width=\u00a0\u00bb1\/2&Prime;]<div class=\"cmt-sbox cmt-sbox-iconalign-left-spacing cmt-sbox-bgcolor-transparent cmt-bgcolor-transparent cmt-sbox-textcolor- cmt-textcolor- cmt-sbox-isize-md cmt-sbox-isize-md cmt-sbox-istyle-none vc_custom_1619106035445 cmt-sbox-heading-only cmt-iconbox\"><section class=\"cmt-sboxvc_cta3-container\"><div class=\"cmt-vc_general cmt-sboxvc_cta3 cmt-sboxvc_cta3-align-left cmt-sboxvc_cta3-icon-size-md cmt-sboxvc_cta3-icons-left cmt-sboxvc_cta3-actions-no\"><div class=\"cmt-sboxvc_cta3-icons cmt-section-wrapper-cell\"><div class=\"cmt-vc_icon_element cmt-vc_icon_element-outer cmt-vc_icon_element-align-left \"><div class=\"cmt-vc_icon_element-inner  cmt-vc_icon_element-color-skincolor cmt-vc_icon_element-size-md cmt-vc_icon_element-style-none cmt-vc_icon_element-background-color-grey\" ><span class=\"cmt-vc_icon_element-icon fa fa-briefcase\" ><\/span><\/div><\/div><\/div><div class=\"cmt-vc_cta3_content-container\"><div class=\"cmt-vc_cta3-content\"><div class=\"cmt-vc_cta3-content-header cmt-section-wrapper\"><div class=\"cmt-sboxvc_cta3-headers cmt-section-wrapper-cell\"><h2 class=\"cmt-custom-heading \" >Mision<\/h2>\n<\/div><\/div><\/div><div class=\"cmt-sboxcta3-desc-btn-wrapper\"><div class=\"cmt-sboxcta3-description\"><\/div><\/div><\/div><\/div><\/section><\/div>[vc_separator style=\u00a0\u00bbdashed\u00a0\u00bb css=\u00a0\u00bb.vc_custom_1618930132826{margin-bottom: 15px !important;padding-right: 20px !important;padding-left: 20px !important;}\u00a0\u00bb]<ul class=\"cmt-list cmt-list-style-icon cmt-list-icon-color-skincolor cmt-sbox cmt-sboxicon-skincolor cmt-list-textsize- cmt-list-icon-library-fontawesome vc_custom_1620043465963\"><li><i class=\"cmt-skincolor fa fa-chevron-right\"><\/i>  <span class=\"cmt-list-li-content\">Offrir une orientation \u00e9ducative de qualit\u00e9 aux \u00e9tudiants d\u00e9sirant \u00e9tudier \u00e0 l'\u00e9tranger.<\/span><\/li><li><i class=\"cmt-skincolor fa fa-chevron-right\"><\/i>  <span class=\"cmt-list-li-content\">vous faire b\u00e9n\u00e9ficier d\u2019un accompagnement d\u2019experts pour atteindre vos objectifs acad\u00e9miques professionnelles.<\/span><\/li><li><i class=\"cmt-skincolor fa fa-chevron-right\"><\/i>  <span class=\"cmt-list-li-content\">Assistance pour une meilleur int\u00e9gration, adaptation et r\u00e9ussite.<\/span><\/li><\/ul>[\/vc_column][\/vc_row][vc_row cmt_bgimagefixed=\u00a0\u00bb\u00a0\u00bb equal_height=\u00a0\u00bbyes\u00a0\u00bb css=\u00a0\u00bb.vc_custom_1619186290684{padding-top: 5px !important;padding-bottom: 20px !important;}\u00a0\u00bb][vc_column width=\u00a0\u00bb1\/2&Prime;]<div class=\"cmt-sbox cmt-sbox-iconalign-left-spacing cmt-sbox-bgcolor-transparent cmt-bgcolor-transparent cmt-sbox-textcolor- cmt-textcolor- cmt-sbox-isize-md cmt-sbox-isize-md cmt-sbox-istyle-none vc_custom_1619106042437 cmt-sbox-heading-only\"><section class=\"cmt-sboxvc_cta3-container\"><div class=\"cmt-vc_general cmt-sboxvc_cta3 cmt-sboxvc_cta3-align-left cmt-sboxvc_cta3-icon-size-md cmt-sboxvc_cta3-icons-left cmt-sboxvc_cta3-actions-no\"><div class=\"cmt-sboxvc_cta3-icons cmt-section-wrapper-cell\"><div class=\"cmt-vc_icon_element cmt-vc_icon_element-outer cmt-vc_icon_element-align-left \"><div class=\"cmt-vc_icon_element-inner  cmt-vc_icon_element-color-skincolor cmt-vc_icon_element-size-md cmt-vc_icon_element-style-none cmt-vc_icon_element-background-color-grey\" ><span class=\"cmt-vc_icon_element-icon fa fa-signal\" ><\/span><\/div><\/div><\/div><div class=\"cmt-vc_cta3_content-container\"><div class=\"cmt-vc_cta3-content\"><div class=\"cmt-vc_cta3-content-header cmt-section-wrapper\"><div class=\"cmt-sboxvc_cta3-headers cmt-section-wrapper-cell\"><h2 class=\"cmt-custom-heading \" >Valeurs<\/h2>\n<\/div><\/div><\/div><div class=\"cmt-sboxcta3-desc-btn-wrapper\"><div class=\"cmt-sboxcta3-description\"><\/div><\/div><\/div><\/div><\/section><\/div>[vc_separator style=\u00a0\u00bbdashed\u00a0\u00bb css=\u00a0\u00bb.vc_custom_1618930132826{margin-bottom: 15px !important;padding-right: 20px !important;padding-left: 20px !important;}\u00a0\u00bb]<ul class=\"cmt-list cmt-list-style-icon cmt-list-icon-color-skincolor cmt-sbox cmt-sboxicon-skincolor cmt-list-textsize- cmt-list-icon-library-fontawesome vc_custom_1618931887244\"><li><i class=\"cmt-skincolor fa fa-chevron-right\"><\/i>  <span class=\"cmt-list-li-content\">Intergit\u00e9\n<\/span><\/li><li><i class=\"cmt-skincolor fa fa-chevron-right\"><\/i>  <span class=\"cmt-list-li-content\">Confiance<\/span><\/li><li><i class=\"cmt-skincolor fa fa-chevron-right\"><\/i>  <span class=\"cmt-list-li-content\">Transparence<\/span><\/li><li><i class=\"cmt-skincolor fa fa-chevron-right\"><\/i>  <span class=\"cmt-list-li-content\">Excellence.<\/span><\/li><\/ul>[\/vc_column][vc_column width=\u00a0\u00bb1\/2&Prime;][vc_single_image image=\u00a0\u00bb3083&Prime; img_size=\u00a0\u00bb555&#215;419&Prime; alignment=\u00a0\u00bbcenter\u00a0\u00bb css_animation=\u00a0\u00bbright-to-left\u00a0\u00bb][\/vc_column][\/vc_row]<\/p>\n","protected":false},"excerpt":{"rendered":"<p>[vc_row cmt_bgimagefixed=\u00a0\u00bb\u00a0\u00bb break_in_responsive=\u00a0\u00bb991&Prime; full_width=\u00a0\u00bbstretch_row_content\u00a0\u00bb css=\u00a0\u00bb.vc_custom_1620043001960{padding-top: 90px !important;padding-bottom: 55px !important;}\u00a0\u00bb cmt_responsive_css=\u00a0\u00bb32628097|colbreak_no|||||||||colbreak_no|||||50px||20px||colbreak_no|||||||0px|||colbreak_no|||||||||\u00a0\u00bb][vc_column width=\u00a0\u00bb1\/2&Prime; css=\u00a0\u00bb.vc_custom_1619088923272{margin-left: -15px !important;}\u00a0\u00bb][vc_single_image image=\u00a0\u00bb3012&Prime; img_size=\u00a0\u00bbfull\u00a0\u00bb alignment=\u00a0\u00bbcenter\u00a0\u00bb][\/vc_column][vc_column reduce_extra_padding=\u00a0\u00bb991&Prime; width=\u00a0\u00bb1\/2&Prime; css=\u00a0\u00bb.vc_custom_1619089020921{margin-left: 5% !important;padding-top: 2px !important;padding-right: 60px !important;padding-left: 5px !important;}\u00a0\u00bb][vc_empty_space][vc_column_text] \u201c Votre alli\u00e9 pour vos \u00e9tudes et carri\u00e8re \u00e0 l\u2019\u00e9tranger \u201d [\/vc_column_text][\/vc_column][\/vc_row][vc_row cmt_bgcolor=\u00a0\u00bbdarkgrey\u00a0\u00bb cmt_bgimagefixed=\u00a0\u00bb\u00a0\u00bb break_in_responsive=\u00a0\u00bb991&Prime; full_width=\u00a0\u00bbstretch_row\u00a0\u00bb equal_height=\u00a0\u00bbyes\u00a0\u00bb css=\u00a0\u00bb.vc_custom_1592820865774{padding-top: 0px !important;padding-bottom: 0px !important;}\u00a0\u00bb][vc_column reduce_extra_padding=\u00a0\u00bb991&Prime; width=\u00a0\u00bb1\/2&Prime; css=\u00a0\u00bb.vc_custom_1592823077472{padding-top: 83px !important;padding-right: &hellip; <a href=\"https:\/\/www.eurekapearson.com\/?page_id=463\" class=\"more-link\">Continue reading <span class=\"screen-reader-text\">A propos de nous<\/span><\/a><\/p>\n","protected":false},"author":62357517,"featured_media":0,"parent":0,"menu_order":3,"comment_status":"closed","ping_status":"closed","template":"","meta":{"_bbp_topic_count":0,"_bbp_reply_count":0,"_bbp_total_topic_count":0,"_bbp_total_reply_count":0,"_bbp_voice_count":0,"_bbp_anonymous_reply_count":0,"_bbp_topic_count_hidden":0,"_bbp_reply_count_hidden":0,"_bbp_forum_subforum_count":0,"footnotes":""},"class_list":["post-463","page","type-page","status-publish","hentry"],"aioseo_notices":[],"_links":{"self":[{"href":"https:\/\/www.eurekapearson.com\/index.php?rest_route=\/wp\/v2\/pages\/463","targetHints":{"allow":["GET"]}}],"collection":[{"href":"https:\/\/www.eurekapearson.com\/index.php?rest_route=\/wp\/v2\/pages"}],"about":[{"href":"https:\/\/www.eurekapearson.com\/index.php?rest_route=\/wp\/v2\/types\/page"}],"author":[{"embeddable":true,"href":"https:\/\/www.eurekapearson.com\/index.php?rest_route=\/wp\/v2\/users\/62357517"}],"replies":[{"embeddable":true,"href":"https:\/\/www.eurekapearson.com\/index.php?rest_route=%2Fwp%2Fv2%2Fcomments&post=463"}],"version-history":[{"count":44,"href":"https:\/\/www.eurekapearson.com\/index.php?rest_route=\/wp\/v2\/pages\/463\/revisions"}],"predecessor-version":[{"id":3175,"href":"https:\/\/www.eurekapearson.com\/index.php?rest_route=\/wp\/v2\/pages\/463\/revisions\/3175"}],"wp:attachment":[{"href":"https:\/\/www.eurekapearson.com\/index.php?rest_route=%2Fwp%2Fv2%2Fmedia&parent=463"}],"curies":[{"name":"wp","href":"https:\/\/api.w.org\/{rel}","templated":true}]}}